{"id":5277,"date":"2025-10-12T19:01:09","date_gmt":"2025-10-12T16:01:09","guid":{"rendered":"https:\/\/www.trabzonmanset.com\/?page_id=5277\/"},"modified":"2025-10-12T19:20:15","modified_gmt":"2025-10-12T16:20:15","slug":"resmi-ilanlar","status":"publish","type":"page","link":"https:\/\/www.trabzonmanset.com\/index.php\/resmi-ilanlar\/","title":{"rendered":"Resmi \u0130lanlar"},"content":{"rendered":"\n<div class=\"wp-block-columns is-layout-flex wp-container-core-columns-is-layout-9d6595d7 wp-block-columns-is-layout-flex\">\n<div class=\"wp-block-column is-layout-flow wp-block-column-is-layout-flow\" style=\"flex-basis:100%\">\n<figure class=\"wp-block-gallery has-nested-images columns-2 is-cropped wp-block-gallery-1 is-layout-flex wp-block-gallery-is-layout-flex\">\n<figure class=\"wp-block-image size-full is-style-default\"><img loading=\"lazy\" decoding=\"async\" width=\"336\" height=\"185\" data-id=\"5279\" src=\"https:\/\/www.trabzonmanset.com\/wp-content\/uploads\/2025\/10\/mahkeme-986_4161_amp.webp?wsr\" alt=\"\" class=\"wp-image-5279\" srcset=\"https:\/\/www.trabzonmanset.com\/wp-content\/uploads\/2025\/10\/mahkeme-986_4161_amp.webp 336w, https:\/\/www.trabzonmanset.com\/wp-content\/uploads\/2025\/10\/mahkeme-986_4161_amp-300x165.webp 300w\" sizes=\"auto, (max-width: 336px) 100vw, 336px\" \/><figcaption class=\"wp-element-caption\"><a href=\"https:\/\/www.ilan.gov.tr\/\" target=\"_blank\" rel=\"noreferrer noopener\"><strong>\u015e\u0130LE SULH HUKUK MAHKEMES\u0130 SATI\u015e MEMURLU\u011eU<\/strong><\/a><\/figcaption><\/figure>\n\n\n\n<figure class=\"wp-block-image size-full\"><img loading=\"lazy\" decoding=\"async\" width=\"336\" height=\"185\" data-id=\"5280\" src=\"https:\/\/www.trabzonmanset.com\/wp-content\/uploads\/2025\/10\/acik-ceza-infaz-kurumu-mudurlugu-994_4481_amp-1.webp?wsr\" alt=\"\" class=\"wp-image-5280\" srcset=\"https:\/\/www.trabzonmanset.com\/wp-content\/uploads\/2025\/10\/acik-ceza-infaz-kurumu-mudurlugu-994_4481_amp-1.webp 336w, https:\/\/www.trabzonmanset.com\/wp-content\/uploads\/2025\/10\/acik-ceza-infaz-kurumu-mudurlugu-994_4481_amp-1-300x165.webp 300w\" sizes=\"auto, (max-width: 336px) 100vw, 336px\" \/><figcaption class=\"wp-element-caption\"><a href=\"https:\/\/www.ilan.gov.tr\/\" target=\"_blank\" rel=\"noreferrer noopener\"><strong>\u0130STANBUL ANADOLU 30. ASL\u0130YE CEZA MAHKEMES\u0130 HAK\u0130ML\u0130\u011e\u0130<\/strong><\/a><\/figcaption><\/figure>\n<\/figure>\n<\/div>\n<\/div>\n\n\n\n<p><\/p>\n\n\n\n<p><\/p>\n","protected":false},"excerpt":{"rendered":"","protected":false},"author":1,"featured_media":5280,"parent":0,"menu_order":0,"comment_status":"closed","ping_status":"closed","template":"","meta":{"footnotes":"[]"},"class_list":["post-5277","page","type-page","status-publish","has-post-thumbnail","hentry"],"_links":{"self":[{"href":"https:\/\/www.trabzonmanset.com\/index.php\/wp-json\/wp\/v2\/pages\/5277","targetHints":{"allow":["GET"]}}],"collection":[{"href":"https:\/\/www.trabzonmanset.com\/index.php\/wp-json\/wp\/v2\/pages"}],"about":[{"href":"https:\/\/www.trabzonmanset.com\/index.php\/wp-json\/wp\/v2\/types\/page"}],"author":[{"embeddable":true,"href":"https:\/\/www.trabzonmanset.com\/index.php\/wp-json\/wp\/v2\/users\/1"}],"replies":[{"embeddable":true,"href":"https:\/\/www.trabzonmanset.com\/index.php\/wp-json\/wp\/v2\/comments?post=5277"}],"version-history":[{"count":5,"href":"https:\/\/www.trabzonmanset.com\/index.php\/wp-json\/wp\/v2\/pages\/5277\/revisions"}],"predecessor-version":[{"id":5288,"href":"https:\/\/www.trabzonmanset.com\/index.php\/wp-json\/wp\/v2\/pages\/5277\/revisions\/5288"}],"wp:featuredmedia":[{"embeddable":true,"href":"https:\/\/www.trabzonmanset.com\/index.php\/wp-json\/wp\/v2\/media\/5280"}],"wp:attachment":[{"href":"https:\/\/www.trabzonmanset.com\/index.php\/wp-json\/wp\/v2\/media?parent=5277"}],"curies":[{"name":"wp","href":"https:\/\/api.w.org\/{rel}","templated":true}]}}